{"id":5619,"date":"2023-10-22T12:44:58","date_gmt":"2023-10-22T10:44:58","guid":{"rendered":"https:\/\/kurzplavanionline.cz\/blog\/"},"modified":"2025-08-05T13:14:28","modified_gmt":"2025-08-05T11:14:28","slug":"blog","status":"publish","type":"page","link":"https:\/\/kurzplavanionline.cz\/en\/blog\/","title":{"rendered":"Blog"},"content":{"rendered":"\n<div class=\"wp-block-essential-blocks-interactive-promo\"><div class=\"eb-parent-wrapper eb-parent-eb-interactive-promo-khpvnps \"><div class=\"eb-interactive-promo-wrapper eb-interactive-promo-khpvnps\"><div class=\"eb-interactive-promo-container\" data-effect=\"jazz\"><div class=\"eb-interactive-promo hover-effect\"><figure class=\"effect-jazz\"><img decoding=\"async\" src=\"https:\/\/kurzplavanionline.cz\/wp-content\/uploads\/2025\/08\/blog.png\" alt=\"Swimming Challenge\"><figcaption><h2 class=\"eb-interactive-promo-header\"><\/h2><p class=\"eb-interactive-promo-content\"><\/p><\/figcaption><\/figure><\/div><\/div><\/div><\/div><\/div>\n<div class=\"root-eb-post-grid-im7mcgc wp-block-essential-blocks-post-grid\">\n    <div class=\"eb-parent-wrapper eb-parent-eb-post-grid-im7mcgc \">\n        <div class=\"eb-post-grid-im7mcgc style-2  eb-post-grid-wrapper\"\n            data-id=\"eb-post-grid-im7mcgc\"\n            data-querydata=\"{&quot;source&quot;:&quot;post&quot;,&quot;sourceIndex&quot;:0,&quot;rest_base&quot;:&quot;posts&quot;,&quot;rest_namespace&quot;:&quot;wp\\\/v2&quot;,&quot;author&quot;:&quot;&quot;,&quot;taxonomies&quot;:[],&quot;per_page&quot;:&quot;12&quot;,&quot;offset&quot;:&quot;0&quot;,&quot;orderby&quot;:&quot;date&quot;,&quot;order&quot;:&quot;desc&quot;,&quot;include&quot;:&quot;&quot;,&quot;exclude&quot;:&quot;&quot;,&quot;exclude_current&quot;:false}\"\n            data-attributes=\"{&quot;thumbnailSize&quot;:&quot;&quot;,&quot;loadMoreOptions&quot;:{&quot;enableMorePosts&quot;:true,&quot;loadMoreType&quot;:&quot;1&quot;,&quot;loadMoreButtonTxt&quot;:&quot;Load more articles&quot;,&quot;alignment&quot;:&quot;center&quot;,&quot;prevTxt&quot;:&quot;&lt;&quot;,&quot;nextTxt&quot;:&quot;&gt;&quot;,&quot;totalPosts&quot;:11},&quot;showSearch&quot;:false,&quot;showTaxonomyFilter&quot;:false,&quot;enableAjaxSearch&quot;:false,&quot;addIcon&quot;:false,&quot;iconPosition&quot;:&quot;left&quot;,&quot;icon&quot;:&quot;fas fa-chevron-right&quot;,&quot;preset&quot;:&quot;style-2&quot;,&quot;defaultFilter&quot;:&quot;all&quot;,&quot;version&quot;:&quot;&quot;,&quot;showBlockContent&quot;:true,&quot;showFallbackImg&quot;:false,&quot;fallbackImgUrl&quot;:&quot;&quot;,&quot;showThumbnail&quot;:true,&quot;showTitle&quot;:true,&quot;titleLength&quot;:&quot;&quot;,&quot;titleTag&quot;:&quot;h2&quot;,&quot;showContent&quot;:true,&quot;contentLength&quot;:20,&quot;expansionIndicator&quot;:&quot;...&quot;,&quot;showReadMore&quot;:false,&quot;readmoreText&quot;:&quot;Read More&quot;,&quot;showMeta&quot;:false,&quot;headerMeta&quot;:&quot;[{\\&quot;value\\&quot;:\\&quot;date\\&quot;,\\&quot;label\\&quot;:\\&quot;Published Date\\&quot;}]&quot;,&quot;footerMeta&quot;:&quot;[{\\&quot;value\\&quot;:\\&quot;avatar\\&quot;,\\&quot;label\\&quot;:\\&quot;Author Avatar\\&quot;},{\\&quot;value\\&quot;:\\&quot;author\\&quot;,\\&quot;label\\&quot;:\\&quot;Author Name\\&quot;}]&quot;,&quot;authorPrefix&quot;:&quot;by&quot;,&quot;datePrefix&quot;:&quot;on&quot;,&quot;showFeaturedPost&quot;:false,&quot;featuredPostId&quot;:&quot;&quot;,&quot;showFeaturedPostTitle&quot;:true,&quot;showFeaturedPostContent&quot;:false,&quot;showFeaturedPostMeta&quot;:true,&quot;showFeaturedHeaderMeta&quot;:true,&quot;showFeaturedFooterMeta&quot;:true,&quot;featuredMetaItems&quot;:&quot;{}&quot;,&quot;featuredExcerptLength&quot;:10}\">\n\n            \n\n            <article class=\"ebpg-grid-post ebpg-post-grid-column\" data-id=\"5656\"><div class=\"ebpg-grid-post-holder\"><div class=\"ebpg-entry-wrapper\"><div class=\"ebpg-entry-media\">\n                <div class=\"ebpg-entry-thumbnail\">\n                    <a class=\"ebpg-post-link-wrapper eb-sr-only\" href=\"https:\/\/kurzplavanionline.cz\/en\/honza-f-the-coach-was-great-but-even-after-a-year-he-didnt-give-me-as-many-motivational-tips\/\">Honza F.: \u201cthe Coach Was Great, but Even after a Year He Didn&#8217;t Give Me as many Motivational Tips\u201d<\/a>\n                    <img fetchpriority=\"high\" decoding=\"async\" width=\"1080\" height=\"1080\" src=\"https:\/\/kurzplavanionline.cz\/wp-content\/uploads\/2023\/10\/Honza-F-triatlon.png\" class=\"attachment-full size-full\" alt=\"Honza F triatlon\" \/>\n                <\/div>\n            <\/div><header class=\"ebpg-entry-header\">\n            <h2 class=\"ebpg-entry-title\">\n                <a class=\"ebpg-grid-post-link\" href=\"https:\/\/kurzplavanionline.cz\/en\/honza-f-the-coach-was-great-but-even-after-a-year-he-didnt-give-me-as-many-motivational-tips\/\" title=\"honzaf:thecoachwasgreatbutevenafterayearhedidntgivemeasmanymotivationaltips\">Honza F.: \u201cthe Coach Was Great, but Even after a Year He Didn&#8217;t Give Me as many Motivational Tips\u201d<\/a>\n            <\/h2>\n        <\/header><div class=\"ebpg-entry-content\"><div class=\"ebpg-grid-post-excerpt\">\n            <p>(STORY) During COVID, my friends and I made a bet that we would sign up for a half Ironman within&#8230;<\/p>\n        <\/div><\/div><\/div><\/div><\/article><article class=\"ebpg-grid-post ebpg-post-grid-column\" data-id=\"5644\"><div class=\"ebpg-grid-post-holder\"><div class=\"ebpg-entry-wrapper\"><div class=\"ebpg-entry-media\">\n                <div class=\"ebpg-entry-thumbnail\">\n                    <a class=\"ebpg-post-link-wrapper eb-sr-only\" href=\"https:\/\/kurzplavanionline.cz\/en\/perfect-swimming-training-how-to-improve-swimming-endurance-advanced\/\">Perfect Swimming Training: HOW TO IMPROVE SWIMMING ENDURANCE (Advanced)<\/a>\n                    <img decoding=\"async\" width=\"1920\" height=\"1080\" src=\"https:\/\/kurzplavanionline.cz\/wp-content\/uploads\/2023\/10\/9-1.png\" class=\"attachment-full size-full\" alt=\"Dokonal\u00fd plaveck\u00fd tr\u00e9nink: JAK ZLEP\u0160IT V\u00ddDR\u017d P\u0158I PLAV\u00c1N\u00cd (pokro\u010dil\u00ed)\" \/>\n                <\/div>\n            <\/div><header class=\"ebpg-entry-header\">\n            <h2 class=\"ebpg-entry-title\">\n                <a class=\"ebpg-grid-post-link\" href=\"https:\/\/kurzplavanionline.cz\/en\/perfect-swimming-training-how-to-improve-swimming-endurance-advanced\/\" title=\"perfectswimmingtraining:howtoimproveswimmingenduranceadvanced\">Perfect Swimming Training: HOW TO IMPROVE SWIMMING ENDURANCE (Advanced)<\/a>\n            <\/h2>\n        <\/header><div class=\"ebpg-entry-content\"><div class=\"ebpg-grid-post-excerpt\">\n            <p>(VIDEO) Want to finally improve?\nMaybe you just need to change your training concept.\nI&#8217;ll show you how&#8230;.<\/p>\n        <\/div><\/div><\/div><\/div><\/article><article class=\"ebpg-grid-post ebpg-post-grid-column\" data-id=\"5651\"><div class=\"ebpg-grid-post-holder\"><div class=\"ebpg-entry-wrapper\"><div class=\"ebpg-entry-media\">\n                <div class=\"ebpg-entry-thumbnail\">\n                    <a class=\"ebpg-post-link-wrapper eb-sr-only\" href=\"https:\/\/kurzplavanionline.cz\/en\/differences-in-freestyle-technique-between-competitive-swimming-triathlon-and-total-swimming\/\">DIFFERENCES in Freestyle Technique between COMPETITIVE SWIMMING, TRIATHLON and TOTAL SWIMMING<\/a>\n                    <img decoding=\"async\" width=\"1920\" height=\"1080\" src=\"https:\/\/kurzplavanionline.cz\/wp-content\/uploads\/2023\/10\/8-1.png\" class=\"attachment-full size-full\" alt=\"\">\n                <\/div>\n            <\/div><header class=\"ebpg-entry-header\">\n            <h2 class=\"ebpg-entry-title\">\n                <a class=\"ebpg-grid-post-link\" href=\"https:\/\/kurzplavanionline.cz\/en\/differences-in-freestyle-technique-between-competitive-swimming-triathlon-and-total-swimming\/\" title=\"differencesinfreestyletechniquebetweencompetitiveswimmingtriathlonandtotalswimming\">DIFFERENCES in Freestyle Technique between COMPETITIVE SWIMMING, TRIATHLON and TOTAL SWIMMING<\/a>\n            <\/h2>\n        <\/header><div class=\"ebpg-entry-content\"><div class=\"ebpg-grid-post-excerpt\">\n            <p>(VIDEO) Are you hearing different opinions from all sides about the \u201cright\u201d freestyle technique?  \nSome say breathing should be&#8230;<\/p>\n        <\/div><\/div><\/div><\/div><\/article><article class=\"ebpg-grid-post ebpg-post-grid-column\" data-id=\"5666\"><div class=\"ebpg-grid-post-holder\"><div class=\"ebpg-entry-wrapper\"><div class=\"ebpg-entry-media\">\n                <div class=\"ebpg-entry-thumbnail\">\n                    <a class=\"ebpg-post-link-wrapper eb-sr-only\" href=\"https:\/\/kurzplavanionline.cz\/en\/how-to-swim-freestyle-how-to-start-submerging-your-face-during-freestyle-beginners\/\">How to Swim Freestyle &#8211; HOW TO START SUBMERGING YOUR FACE DURING FREESTYLE? (Beginners)<\/a>\n                    <img loading=\"lazy\" decoding=\"async\" width=\"1920\" height=\"1080\" src=\"https:\/\/kurzplavanionline.cz\/wp-content\/uploads\/2023\/10\/2-1.png\" class=\"attachment-full size-full\" alt=\"\">\n                <\/div>\n            <\/div><header class=\"ebpg-entry-header\">\n            <h2 class=\"ebpg-entry-title\">\n                <a class=\"ebpg-grid-post-link\" href=\"https:\/\/kurzplavanionline.cz\/en\/how-to-swim-freestyle-how-to-start-submerging-your-face-during-freestyle-beginners\/\" title=\"howtoswimfreestyle-howtostartsubmergingyourfaceduringfreestylebeginners\">How to Swim Freestyle &#8211; HOW TO START SUBMERGING YOUR FACE DURING FREESTYLE? (Beginners)<\/a>\n            <\/h2>\n        <\/header><div class=\"ebpg-entry-content\"><div class=\"ebpg-grid-post-excerpt\">\n            <p>(VIDEO) Do you know why you can&#8217;t speed up your freestyle? \nHave you been stuck at the same speed for&#8230;<\/p>\n        <\/div><\/div><\/div><\/div><\/article><article class=\"ebpg-grid-post ebpg-post-grid-column\" data-id=\"5637\"><div class=\"ebpg-grid-post-holder\"><div class=\"ebpg-entry-wrapper\"><div class=\"ebpg-entry-media\">\n                <div class=\"ebpg-entry-thumbnail\">\n                    <a class=\"ebpg-post-link-wrapper eb-sr-only\" href=\"https:\/\/kurzplavanionline.cz\/en\/how-to-get-faster-in-freestyle-you-must-train-sculling\/\">How to get Faster in Freestyle: YOU MUST TRAIN SCULLING!<\/a>\n                    <img loading=\"lazy\" decoding=\"async\" width=\"1920\" height=\"1080\" src=\"https:\/\/kurzplavanionline.cz\/wp-content\/uploads\/2023\/10\/5-1.png\" class=\"attachment-full size-full\" alt=\"\">\n                <\/div>\n            <\/div><header class=\"ebpg-entry-header\">\n            <h2 class=\"ebpg-entry-title\">\n                <a class=\"ebpg-grid-post-link\" href=\"https:\/\/kurzplavanionline.cz\/en\/how-to-get-faster-in-freestyle-you-must-train-sculling\/\" title=\"howtogetfasterinfreestyle:youmusttrainsculling\">How to get Faster in Freestyle: YOU MUST TRAIN SCULLING!<\/a>\n            <\/h2>\n        <\/header><div class=\"ebpg-entry-content\"><div class=\"ebpg-grid-post-excerpt\">\n            <p>(VIDEO) Do you know why you can&#8217;t speed up your freestyle? \nHave you been stuck at the same speed for&#8230;<\/p>\n        <\/div><\/div><\/div><\/div><\/article><article class=\"ebpg-grid-post ebpg-post-grid-column\" data-id=\"5663\"><div class=\"ebpg-grid-post-holder\"><div class=\"ebpg-entry-wrapper\"><div class=\"ebpg-entry-media\">\n                <div class=\"ebpg-entry-thumbnail\">\n                    <a class=\"ebpg-post-link-wrapper eb-sr-only\" href=\"https:\/\/kurzplavanionline.cz\/en\/what-swimming-strokes-exist-check-out-the-basics-of-technique\/\">What Swimming Strokes Exist? CHECK OUT THE BASICS OF TECHNIQUE<\/a>\n                    <img loading=\"lazy\" decoding=\"async\" width=\"1920\" height=\"1080\" src=\"https:\/\/kurzplavanionline.cz\/wp-content\/uploads\/2023\/10\/7-1.png\" class=\"attachment-full size-full\" alt=\"\">\n                <\/div>\n            <\/div><header class=\"ebpg-entry-header\">\n            <h2 class=\"ebpg-entry-title\">\n                <a class=\"ebpg-grid-post-link\" href=\"https:\/\/kurzplavanionline.cz\/en\/what-swimming-strokes-exist-check-out-the-basics-of-technique\/\" title=\"whatswimmingstrokesexistcheckoutthebasicsoftechnique\">What Swimming Strokes Exist? CHECK OUT THE BASICS OF TECHNIQUE<\/a>\n            <\/h2>\n        <\/header><div class=\"ebpg-entry-content\"><div class=\"ebpg-grid-post-excerpt\">\n            <p>(VIDEO) There are four swimming strokes: butterfly, backstroke, breaststroke, freestyle.\nA swimming stroke is not the same as a swimming style.\nSwimming&#8230;<\/p>\n        <\/div><\/div><\/div><\/div><\/article><article class=\"ebpg-grid-post ebpg-post-grid-column\" data-id=\"5647\"><div class=\"ebpg-grid-post-holder\"><div class=\"ebpg-entry-wrapper\"><div class=\"ebpg-entry-media\">\n                <div class=\"ebpg-entry-thumbnail\">\n                    <a class=\"ebpg-post-link-wrapper eb-sr-only\" href=\"https:\/\/kurzplavanionline.cz\/en\/how-to-get-faster-in-freestyle-swimming-why-you-need-a-high-elbow-advanced\/\">How to get Faster in Freestyle Swimming: WHY YOU NEED a HIGH ELBOW? (Advanced)<\/a>\n                    <img loading=\"lazy\" decoding=\"async\" width=\"1920\" height=\"1080\" src=\"https:\/\/kurzplavanionline.cz\/wp-content\/uploads\/2023\/10\/4-1.png\" class=\"attachment-full size-full\" alt=\"\">\n                <\/div>\n            <\/div><header class=\"ebpg-entry-header\">\n            <h2 class=\"ebpg-entry-title\">\n                <a class=\"ebpg-grid-post-link\" href=\"https:\/\/kurzplavanionline.cz\/en\/how-to-get-faster-in-freestyle-swimming-why-you-need-a-high-elbow-advanced\/\" title=\"howtogetfasterinfreestyleswimming:whyyouneedahighelbowadvanced\">How to get Faster in Freestyle Swimming: WHY YOU NEED a HIGH ELBOW? (Advanced)<\/a>\n            <\/h2>\n        <\/header><div class=\"ebpg-entry-content\"><div class=\"ebpg-grid-post-excerpt\">\n            <p>(VIDEO) Do you know what propels you forward in freestyle? IT&#8217;S THE HIGH ELBOW AND CORRECTLY POSITIONED FOREARM!  \nWant&#8230;<\/p>\n        <\/div><\/div><\/div><\/div><\/article><article class=\"ebpg-grid-post ebpg-post-grid-column\" data-id=\"5660\"><div class=\"ebpg-grid-post-holder\"><div class=\"ebpg-entry-wrapper\"><div class=\"ebpg-entry-media\">\n                <div class=\"ebpg-entry-thumbnail\">\n                    <a class=\"ebpg-post-link-wrapper eb-sr-only\" href=\"https:\/\/kurzplavanionline.cz\/en\/swimming-crash-course-how-to-start-with-freestyle-and-breaststroke\/\">Swimming Crash Course: how to Start with Freestyle and Breaststroke<\/a>\n                    <img loading=\"lazy\" decoding=\"async\" width=\"1920\" height=\"1080\" src=\"https:\/\/kurzplavanionline.cz\/wp-content\/uploads\/2023\/10\/6-1.png\" class=\"attachment-full size-full\" alt=\"Rychlokurz plav\u00e1n\u00ed: Jak za\u010d\u00edt s kraulem a prsama\" \/>\n                <\/div>\n            <\/div><header class=\"ebpg-entry-header\">\n            <h2 class=\"ebpg-entry-title\">\n                <a class=\"ebpg-grid-post-link\" href=\"https:\/\/kurzplavanionline.cz\/en\/swimming-crash-course-how-to-start-with-freestyle-and-breaststroke\/\" title=\"swimmingcrashcourse:howtostartwithfreestyleandbreaststroke\">Swimming Crash Course: how to Start with Freestyle and Breaststroke<\/a>\n            <\/h2>\n        <\/header><div class=\"ebpg-entry-content\"><div class=\"ebpg-grid-post-excerpt\">\n            <p>(VIDEO) Would you like to start swimming for fitness, do something for your health, but don&#8217;t know how to begin?&#8230;<\/p>\n        <\/div><\/div><\/div><\/div><\/article><article class=\"ebpg-grid-post ebpg-post-grid-column\" data-id=\"5650\"><div class=\"ebpg-grid-post-holder\"><div class=\"ebpg-entry-wrapper\"><div class=\"ebpg-entry-media\">\n                <div class=\"ebpg-entry-thumbnail\">\n                    <a class=\"ebpg-post-link-wrapper eb-sr-only\" href=\"https:\/\/kurzplavanionline.cz\/en\/how-to-get-faster-in-freestyle-3-biggest-breathing-mistakes-advanced\/\">How to get Faster in Freestyle: 3 BIGGEST BREATHING MISTAKES (Advanced)<\/a>\n                    <img loading=\"lazy\" decoding=\"async\" width=\"1920\" height=\"1080\" src=\"https:\/\/kurzplavanionline.cz\/wp-content\/uploads\/2023\/10\/3-1.png\" class=\"attachment-full size-full\" alt=\"Jak se zrychlit v kraulu: 3 NEJV\u011aT\u0160\u00cd CHYBY P\u0158I D\u00ddCH\u00c1N\u00cd (pokro\u010dil\u00ed)\" \/>\n                <\/div>\n            <\/div><header class=\"ebpg-entry-header\">\n            <h2 class=\"ebpg-entry-title\">\n                <a class=\"ebpg-grid-post-link\" href=\"https:\/\/kurzplavanionline.cz\/en\/how-to-get-faster-in-freestyle-3-biggest-breathing-mistakes-advanced\/\" title=\"howtogetfasterinfreestyle:3biggestbreathingmistakesadvanced\">How to get Faster in Freestyle: 3 BIGGEST BREATHING MISTAKES (Advanced)<\/a>\n            <\/h2>\n        <\/header><div class=\"ebpg-entry-content\"><div class=\"ebpg-grid-post-excerpt\">\n            <p>(VIDEO) Do you have stamina from running, cycling, or other sports, but get exhausted quickly when swimming? Then you should&#8230;<\/p>\n        <\/div><\/div><\/div><\/div><\/article><article class=\"ebpg-grid-post ebpg-post-grid-column\" data-id=\"5658\"><div class=\"ebpg-grid-post-holder\"><div class=\"ebpg-entry-wrapper\"><div class=\"ebpg-entry-media\">\n                <div class=\"ebpg-entry-thumbnail\">\n                    <a class=\"ebpg-post-link-wrapper eb-sr-only\" href=\"https:\/\/kurzplavanionline.cz\/en\/how-to-swim-freestyle-why-am-i-choking-while-swimming-freestyle-beginners\/\">How to Swim Freestyle &#8211; WHY AM I CHOKING WHILE SWIMMING FREESTYLE? (Beginners)<\/a>\n                    <img loading=\"lazy\" decoding=\"async\" width=\"1920\" height=\"1080\" src=\"https:\/\/kurzplavanionline.cz\/wp-content\/uploads\/2023\/10\/1-1.png\" class=\"attachment-full size-full\" alt=\"PRO\u010c SE P\u0158I KRAULU DUS\u00cdM\" \/>\n                <\/div>\n            <\/div><header class=\"ebpg-entry-header\">\n            <h2 class=\"ebpg-entry-title\">\n                <a class=\"ebpg-grid-post-link\" href=\"https:\/\/kurzplavanionline.cz\/en\/how-to-swim-freestyle-why-am-i-choking-while-swimming-freestyle-beginners\/\" title=\"howtoswimfreestyle-whyamichokingwhileswimmingfreestylebeginners\">How to Swim Freestyle &#8211; WHY AM I CHOKING WHILE SWIMMING FREESTYLE? (Beginners)<\/a>\n            <\/h2>\n        <\/header><div class=\"ebpg-entry-content\"><div class=\"ebpg-grid-post-excerpt\">\n            <p>(VIDEO) Do you feel like you&#8217;re gasping for air after swimming freestyle for just a few meters? You may not&#8230;<\/p>\n        <\/div><\/div><\/div><\/div><\/article><article class=\"ebpg-grid-post ebpg-post-grid-column\" data-id=\"5692\"><div class=\"ebpg-grid-post-holder\"><div class=\"ebpg-entry-wrapper\"><div class=\"ebpg-entry-media\">\n                <div class=\"ebpg-entry-thumbnail\">\n                    <a class=\"ebpg-post-link-wrapper eb-sr-only\" href=\"https:\/\/kurzplavanionline.cz\/en\/pavel-s-i-had-a-panic-fear-of-water-but-i-overcame-it\/\">Pavel \u0160.: \u201cI Had a Panic Fear of Water, but I Overcame it\u201d<\/a>\n                    <img loading=\"lazy\" decoding=\"async\" width=\"1280\" height=\"720\" src=\"https:\/\/kurzplavanionline.cz\/wp-content\/uploads\/2023\/10\/Pavel-neplavec.png\" class=\"attachment-full size-full\" alt=\"Pavel neplavec online kurz plavani\" \/>\n                <\/div>\n            <\/div><header class=\"ebpg-entry-header\">\n            <h2 class=\"ebpg-entry-title\">\n                <a class=\"ebpg-grid-post-link\" href=\"https:\/\/kurzplavanionline.cz\/en\/pavel-s-i-had-a-panic-fear-of-water-but-i-overcame-it\/\" title=\"pavel:ihadapanicfearofwaterbutiovercameit\">Pavel \u0160.: \u201cI Had a Panic Fear of Water, but I Overcame it\u201d<\/a>\n            <\/h2>\n        <\/header><div class=\"ebpg-entry-content\"><div class=\"ebpg-grid-post-excerpt\">\n            <p>(STORY) One beautiful day I made a decision. I decided to overcome my fear of water. I decided to learn&#8230;<\/p>\n        <\/div><\/div><\/div><\/div><\/article><p class=\"eb-no-posts eb-loadmore-no-post\" style=\"display: none;\">No more posts<\/p>        <\/div>\n    <\/div>\n<\/div>\n","protected":false},"excerpt":{"rendered":"","protected":false},"author":1,"featured_media":0,"parent":0,"menu_order":0,"comment_status":"closed","ping_status":"closed","template":"","meta":{"_eb_attr":"","site-sidebar-layout":"default","site-content-layout":"default","ast-global-header-display":"","ast-main-header-display":"","ast-hfb-above-header-display":"","ast-hfb-below-header-display":"","ast-hfb-mobile-header-display":"","site-post-title":"disabled","ast-breadcrumbs-content":"","ast-featured-img":"","footer-sml-layout":"","theme-transparent-header-meta":"","adv-header-id-meta":"","stick-header-meta":"","header-above-stick-meta":"","header-main-stick-meta":"","header-below-stick-meta":"","_glsr_average":0,"_glsr_ranking":0,"_glsr_reviews":0,"footnotes":""},"class_list":["post-5619","page","type-page","status-publish","hentry"],"_links":{"self":[{"href":"https:\/\/kurzplavanionline.cz\/en\/wp-json\/wp\/v2\/pages\/5619","targetHints":{"allow":["GET"]}}],"collection":[{"href":"https:\/\/kurzplavanionline.cz\/en\/wp-json\/wp\/v2\/pages"}],"about":[{"href":"https:\/\/kurzplavanionline.cz\/en\/wp-json\/wp\/v2\/types\/page"}],"author":[{"embeddable":true,"href":"https:\/\/kurzplavanionline.cz\/en\/wp-json\/wp\/v2\/users\/1"}],"replies":[{"embeddable":true,"href":"https:\/\/kurzplavanionline.cz\/en\/wp-json\/wp\/v2\/comments?post=5619"}],"version-history":[{"count":6,"href":"https:\/\/kurzplavanionline.cz\/en\/wp-json\/wp\/v2\/pages\/5619\/revisions"}],"predecessor-version":[{"id":6428,"href":"https:\/\/kurzplavanionline.cz\/en\/wp-json\/wp\/v2\/pages\/5619\/revisions\/6428"}],"wp:attachment":[{"href":"https:\/\/kurzplavanionline.cz\/en\/wp-json\/wp\/v2\/media?parent=5619"}],"curies":[{"name":"wp","href":"https:\/\/api.w.org\/{rel}","templated":true}]}}